{"id":94,"date":"2025-09-03T18:07:26","date_gmt":"2025-09-03T18:07:26","guid":{"rendered":"https:\/\/www.bogumilprzybylak.pl\/?page_id=94"},"modified":"2025-09-03T20:38:22","modified_gmt":"2025-09-03T20:38:22","slug":"o-mnie","status":"publish","type":"page","link":"https:\/\/www.bogumilprzybylak.pl\/index.php\/o-mnie\/","title":{"rendered":"O MNIE"},"content":{"rendered":"\t\t<div data-elementor-type=\"wp-page\" data-elementor-id=\"94\" class=\"elementor elementor-94\">\n\t\t\t\t<div class=\"elementor-element elementor-element-53dde1b e-flex e-con-boxed e-con e-parent\" data-id=\"53dde1b\" data-element_type=\"container\" data-settings=\"{&quot;background_background&quot;:&quot;classic&quot;}\">\n\t\t\t\t\t<div class=\"e-con-inner\">\n\t\t\t\t\t<\/div>\n\t\t\t\t<\/div>\n\t\t<div class=\"elementor-element elementor-element-1cf9843 e-flex e-con-boxed e-con e-parent\" data-id=\"1cf9843\" data-element_type=\"container\">\n\t\t\t\t\t<div class=\"e-con-inner\">\n\t\t<div class=\"elementor-element elementor-element-40c13c1 e-con-full e-flex e-con e-child\" data-id=\"40c13c1\" data-element_type=\"container\">\n\t\t\t\t<div class=\"elementor-element elementor-element-d51f011 elementor-widget elementor-widget-heading\" data-id=\"d51f011\" data-element_type=\"widget\" data-widget_type=\"heading.default\">\n\t\t\t\t\t<h2 class=\"elementor-heading-title elementor-size-default\">Kim jestem?<\/h2>\t\t\t\t<\/div>\n\t\t\t\t<div class=\"elementor-element elementor-element-42083fa elementor-widget elementor-widget-text-editor\" data-id=\"42083fa\" data-element_type=\"widget\" data-widget_type=\"text-editor.default\">\n\t\t\t\t\t\t\t\t\t<p class=\"p1\">Nazywam si\u0119 Bogumi\u0142 Przybylak i od zawsze pasjonuj\u0119 si\u0119 gotowaniem. Kuchnia to dla mnie nie tylko miejsce pracy, ale przede wszystkim przestrze\u0144, w kt\u00f3rej mog\u0119 dzieli\u0107 si\u0119 rado\u015bci\u0105 smaku. \u0141\u0105cz\u0119 tradycyjne przepisy z nowoczesnymi pomys\u0142ami, dbaj\u0105c o jako\u015b\u0107 sk\u0142adnik\u00f3w i estetyk\u0119 podania.<\/p>\t\t\t\t\t\t\t\t<\/div>\n\t\t\t\t<div class=\"elementor-element elementor-element-8667a42 elementor-align-left elementor-widget elementor-widget-button\" data-id=\"8667a42\" data-element_type=\"widget\" data-widget_type=\"button.default\">\n\t\t\t\t\t\t\t\t\t\t<a class=\"elementor-button elementor-button-link elementor-size-sm\" href=\"https:\/\/www.bogumilprzybylak.pl\/index.php\/kontakt\/\">\n\t\t\t\t\t\t<span class=\"elementor-button-content-wrapper\">\n\t\t\t\t\t\t\t\t\t<span class=\"elementor-button-text\">KONTAKT<\/span>\n\t\t\t\t\t<\/span>\n\t\t\t\t\t<\/a>\n\t\t\t\t\t\t\t\t<\/div>\n\t\t\t\t<\/div>\n\t\t<div class=\"elementor-element elementor-element-934f72a e-con-full e-flex e-con e-child\" data-id=\"934f72a\" data-element_type=\"container\">\n\t\t\t\t<div class=\"elementor-element elementor-element-bac5675 elementor-widget elementor-widget-image\" data-id=\"bac5675\" data-element_type=\"widget\" data-widget_type=\"image.default\">\n\t\t\t\t\t\t\t\t\t\t\t\t\t\t\t<img fetchpriority=\"high\" decoding=\"async\" width=\"768\" height=\"512\" src=\"https:\/\/www.bogumilprzybylak.pl\/wp-content\/uploads\/2025\/09\/Bogus-gotuje-768x512.jpg\" class=\"attachment-medium_large size-medium_large wp-image-129\" alt=\"\" srcset=\"https:\/\/www.bogumilprzybylak.pl\/wp-content\/uploads\/2025\/09\/Bogus-gotuje-768x512.jpg 768w, https:\/\/www.bogumilprzybylak.pl\/wp-content\/uploads\/2025\/09\/Bogus-gotuje-300x200.jpg 300w, https:\/\/www.bogumilprzybylak.pl\/wp-content\/uploads\/2025\/09\/Bogus-gotuje-1024x683.jpg 1024w, https:\/\/www.bogumilprzybylak.pl\/wp-content\/uploads\/2025\/09\/Bogus-gotuje-1536x1024.jpg 1536w, https:\/\/www.bogumilprzybylak.pl\/wp-content\/uploads\/2025\/09\/Bogus-gotuje.jpg 2048w\" sizes=\"(max-width: 768px) 100vw, 768px\" \/>\t\t\t\t\t\t\t\t\t\t\t\t\t\t\t<\/div>\n\t\t\t\t<\/div>\n\t\t\t\t\t<\/div>\n\t\t\t\t<\/div>\n\t\t<div class=\"elementor-element elementor-element-3fbc427 e-flex e-con-boxed e-con e-parent\" data-id=\"3fbc427\" data-element_type=\"container\" data-settings=\"{&quot;background_background&quot;:&quot;classic&quot;}\">\n\t\t\t\t\t<div class=\"e-con-inner\">\n\t\t<div class=\"elementor-element elementor-element-aab628b e-con-full e-flex e-con e-child\" data-id=\"aab628b\" data-element_type=\"container\">\n\t\t\t\t<div class=\"elementor-element elementor-element-3722b74 elementor-widget elementor-widget-image\" data-id=\"3722b74\" data-element_type=\"widget\" data-widget_type=\"image.default\">\n\t\t\t\t\t\t\t\t\t\t\t\t\t\t\t<img decoding=\"async\" width=\"230\" height=\"148\" src=\"https:\/\/www.bogumilprzybylak.pl\/wp-content\/uploads\/2025\/09\/boguus-logo.png\" class=\"attachment-large size-large wp-image-23\" alt=\"\" \/>\t\t\t\t\t\t\t\t\t\t\t\t\t\t\t<\/div>\n\t\t\t\t<\/div>\n\t\t<div class=\"elementor-element elementor-element-94d65a1 e-con-full e-flex e-con e-child\" data-id=\"94d65a1\" data-element_type=\"container\">\n\t\t\t\t<div class=\"elementor-element elementor-element-7243c9a elementor-widget elementor-widget-text-editor\" data-id=\"7243c9a\" data-element_type=\"widget\" data-widget_type=\"text-editor.default\">\n\t\t\t\t\t\t\t\t\t<p>HOME<br \/>O MNIE<br \/>KONTAKT<\/p>\t\t\t\t\t\t\t\t<\/div>\n\t\t\t\t<\/div>\n\t\t<div class=\"elementor-element elementor-element-ffdf1e3 e-con-full e-flex e-con e-child\" data-id=\"ffdf1e3\" data-element_type=\"container\">\n\t\t\t\t<\/div>\n\t\t<div class=\"elementor-element elementor-element-29fc214 e-con-full e-flex e-con e-child\" data-id=\"29fc214\" data-element_type=\"container\">\n\t\t\t\t<div class=\"elementor-element elementor-element-bc96c6d elementor-widget elementor-widget-text-editor\" data-id=\"bc96c6d\" data-element_type=\"widget\" data-widget_type=\"text-editor.default\">\n\t\t\t\t\t\t\t\t\t<p><strong>Bogumi\u0142 Przybylak<\/strong><br \/>kontakt@bogumilprzybylak.pl<br \/>665 890 698<\/p>\t\t\t\t\t\t\t\t<\/div>\n\t\t\t\t<\/div>\n\t\t<div class=\"elementor-element elementor-element-cec996b e-con-full e-flex e-con e-child\" data-id=\"cec996b\" data-element_type=\"container\">\n\t\t\t\t<div class=\"elementor-element elementor-element-e1752d2 elementor-widget elementor-widget-text-editor\" data-id=\"e1752d2\" data-element_type=\"widget\" data-widget_type=\"text-editor.default\">\n\t\t\t\t\t\t\t\t\t<p>Zapraszam na moje<br \/>social media:<\/p>\t\t\t\t\t\t\t\t<\/div>\n\t\t\t\t<div class=\"elementor-element elementor-element-d114ebf elementor-shape-rounded elementor-grid-0 e-grid-align-center elementor-widget elementor-widget-social-icons\" data-id=\"d114ebf\" data-element_type=\"widget\" data-widget_type=\"social-icons.default\">\n\t\t\t\t\t\t\t<div class=\"elementor-social-icons-wrapper elementor-grid\" role=\"list\">\n\t\t\t\t\t\t\t<span class=\"elementor-grid-item\" role=\"listitem\">\n\t\t\t\t\t<a class=\"elementor-icon elementor-social-icon elementor-social-icon-facebook elementor-repeater-item-b9b4be3\" target=\"_blank\">\n\t\t\t\t\t\t<span class=\"elementor-screen-only\">Facebook<\/span>\n\t\t\t\t\t\t<svg class=\"e-font-icon-svg e-fab-facebook\" viewBox=\"0 0 512 512\" xmlns=\"http:\/\/www.w3.org\/2000\/svg\"><path d=\"M504 256C504 119 393 8 256 8S8 119 8 256c0 123.78 90.69 226.38 209.25 245V327.69h-63V256h63v-54.64c0-62.15 37-96.48 93.67-96.48 27.14 0 55.52 4.84 55.52 4.84v61h-31.28c-30.8 0-40.41 19.12-40.41 38.73V256h68.78l-11 71.69h-57.78V501C413.31 482.38 504 379.78 504 256z\"><\/path><\/svg>\t\t\t\t\t<\/a>\n\t\t\t\t<\/span>\n\t\t\t\t\t\t\t<span class=\"elementor-grid-item\" role=\"listitem\">\n\t\t\t\t\t<a class=\"elementor-icon elementor-social-icon elementor-social-icon-instagram elementor-repeater-item-fb96235\" target=\"_blank\">\n\t\t\t\t\t\t<span class=\"elementor-screen-only\">Instagram<\/span>\n\t\t\t\t\t\t<svg class=\"e-font-icon-svg e-fab-instagram\" viewBox=\"0 0 448 512\" xmlns=\"http:\/\/www.w3.org\/2000\/svg\"><path d=\"M224.1 141c-63.6 0-114.9 51.3-114.9 114.9s51.3 114.9 114.9 114.9S339 319.5 339 255.9 287.7 141 224.1 141zm0 189.6c-41.1 0-74.7-33.5-74.7-74.7s33.5-74.7 74.7-74.7 74.7 33.5 74.7 74.7-33.6 74.7-74.7 74.7zm146.4-194.3c0 14.9-12 26.8-26.8 26.8-14.9 0-26.8-12-26.8-26.8s12-26.8 26.8-26.8 26.8 12 26.8 26.8zm76.1 27.2c-1.7-35.9-9.9-67.7-36.2-93.9-26.2-26.2-58-34.4-93.9-36.2-37-2.1-147.9-2.1-184.9 0-35.8 1.7-67.6 9.9-93.9 36.1s-34.4 58-36.2 93.9c-2.1 37-2.1 147.9 0 184.9 1.7 35.9 9.9 67.7 36.2 93.9s58 34.4 93.9 36.2c37 2.1 147.9 2.1 184.9 0 35.9-1.7 67.7-9.9 93.9-36.2 26.2-26.2 34.4-58 36.2-93.9 2.1-37 2.1-147.8 0-184.8zM398.8 388c-7.8 19.6-22.9 34.7-42.6 42.6-29.5 11.7-99.5 9-132.1 9s-102.7 2.6-132.1-9c-19.6-7.8-34.7-22.9-42.6-42.6-11.7-29.5-9-99.5-9-132.1s-2.6-102.7 9-132.1c7.8-19.6 22.9-34.7 42.6-42.6 29.5-11.7 99.5-9 132.1-9s102.7-2.6 132.1 9c19.6 7.8 34.7 22.9 42.6 42.6 11.7 29.5 9 99.5 9 132.1s2.7 102.7-9 132.1z\"><\/path><\/svg>\t\t\t\t\t<\/a>\n\t\t\t\t<\/span>\n\t\t\t\t\t\t\t<span class=\"elementor-grid-item\" role=\"listitem\">\n\t\t\t\t\t<a class=\"elementor-icon elementor-social-icon elementor-social-icon-youtube elementor-repeater-item-dbb0203\" target=\"_blank\">\n\t\t\t\t\t\t<span class=\"elementor-screen-only\">Youtube<\/span>\n\t\t\t\t\t\t<svg class=\"e-font-icon-svg e-fab-youtube\" viewBox=\"0 0 576 512\" xmlns=\"http:\/\/www.w3.org\/2000\/svg\"><path d=\"M549.655 124.083c-6.281-23.65-24.787-42.276-48.284-48.597C458.781 64 288 64 288 64S117.22 64 74.629 75.486c-23.497 6.322-42.003 24.947-48.284 48.597-11.412 42.867-11.412 132.305-11.412 132.305s0 89.438 11.412 132.305c6.281 23.65 24.787 41.5 48.284 47.821C117.22 448 288 448 288 448s170.78 0 213.371-11.486c23.497-6.321 42.003-24.171 48.284-47.821 11.412-42.867 11.412-132.305 11.412-132.305s0-89.438-11.412-132.305zm-317.51 213.508V175.185l142.739 81.205-142.739 81.201z\"><\/path><\/svg>\t\t\t\t\t<\/a>\n\t\t\t\t<\/span>\n\t\t\t\t\t<\/div>\n\t\t\t\t\t\t<\/div>\n\t\t\t\t<\/div>\n\t\t\t\t\t<\/div>\n\t\t\t\t<\/div>\n\t\t<div class=\"elementor-element elementor-element-fd4c4b9 e-flex e-con-boxed e-con e-parent\" data-id=\"fd4c4b9\" data-element_type=\"container\" data-settings=\"{&quot;background_background&quot;:&quot;classic&quot;}\">\n\t\t\t\t\t<div class=\"e-con-inner\">\n\t\t\t\t<div class=\"elementor-element elementor-element-e9d5b7a elementor-widget elementor-widget-text-editor\" data-id=\"e9d5b7a\" data-element_type=\"widget\" data-widget_type=\"text-editor.default\">\n\t\t\t\t\t\t\t\t\t<p>Created by <strong>devisomedia\u00a0 |\u00a0 <\/strong>2025<\/p>\t\t\t\t\t\t\t\t<\/div>\n\t\t\t\t\t<\/div>\n\t\t\t\t<\/div>\n\t\t\t\t<\/div>\n\t\t","protected":false},"excerpt":{"rendered":"<p>Kim jestem? Nazywam si\u0119 Bogumi\u0142 Przybylak i od zawsze pasjonuj\u0119 si\u0119 gotowaniem. Kuchnia to dla mnie nie tylko miejsce pracy, ale przede wszystkim przestrze\u0144, w kt\u00f3rej mog\u0119 dzieli\u0107 si\u0119 rado\u015bci\u0105 smaku. \u0141\u0105cz\u0119 tradycyjne przepisy z nowoczesnymi pomys\u0142ami, dbaj\u0105c o jako\u015b\u0107 sk\u0142adnik\u00f3w i estetyk\u0119 podania. KONTAKT HOMEO MNIEKONTAKT Bogumi\u0142 Przybylakkontakt@bogumilprzybylak.pl665 890 698 Zapraszam na mojesocial media: [&hellip;]<\/p>\n","protected":false},"author":1,"featured_media":0,"parent":0,"menu_order":0,"comment_status":"closed","ping_status":"closed","template":"","meta":{"footnotes":""},"class_list":["post-94","page","type-page","status-publish","hentry"],"_links":{"self":[{"href":"https:\/\/www.bogumilprzybylak.pl\/index.php\/wp-json\/wp\/v2\/pages\/94","targetHints":{"allow":["GET"]}}],"collection":[{"href":"https:\/\/www.bogumilprzybylak.pl\/index.php\/wp-json\/wp\/v2\/pages"}],"about":[{"href":"https:\/\/www.bogumilprzybylak.pl\/index.php\/wp-json\/wp\/v2\/types\/page"}],"author":[{"embeddable":true,"href":"https:\/\/www.bogumilprzybylak.pl\/index.php\/wp-json\/wp\/v2\/users\/1"}],"replies":[{"embeddable":true,"href":"https:\/\/www.bogumilprzybylak.pl\/index.php\/wp-json\/wp\/v2\/comments?post=94"}],"version-history":[{"count":43,"href":"https:\/\/www.bogumilprzybylak.pl\/index.php\/wp-json\/wp\/v2\/pages\/94\/revisions"}],"predecessor-version":[{"id":232,"href":"https:\/\/www.bogumilprzybylak.pl\/index.php\/wp-json\/wp\/v2\/pages\/94\/revisions\/232"}],"wp:attachment":[{"href":"https:\/\/www.bogumilprzybylak.pl\/index.php\/wp-json\/wp\/v2\/media?parent=94"}],"curies":[{"name":"wp","href":"https:\/\/api.w.org\/{rel}","templated":true}]}}